{"id":49,"date":"2020-03-02T16:07:24","date_gmt":"2020-03-02T15:07:24","guid":{"rendered":"http:\/\/192.168.5.247\/?page_id=49"},"modified":"2020-03-02T16:07:24","modified_gmt":"2020-03-02T15:07:24","slug":"internet","status":"publish","type":"page","link":"https:\/\/mgitsolutions.duckdns.org\/index.php\/internet\/","title":{"rendered":"Internet"},"content":{"rendered":"<ul class=\"wp-block-list\"><li>Budowa sieci komputerowych <\/li><li>Zabezpieczanie dost\u0119pu do sieci <\/li><li>Konfiguracja router\u00f3w i prze\u0142\u0105cznik\u00f3w <\/li><li>Monta\u017c internetu LTE<\/li><\/ul>","protected":false},"excerpt":{"rendered":"<p>Budowa sieci komputerowych Zabezpieczanie dost\u0119pu do sieci Konfiguracja router\u00f3w i prze\u0142\u0105cznik\u00f3w Monta\u017c internetu LTE<\/p>\n","protected":false},"author":1,"featured_media":0,"parent":0,"menu_order":0,"comment_status":"closed","ping_status":"closed","template":"template-fullwidth.php","meta":{"footnotes":""},"class_list":["post-49","page","type-page","status-publish","hentry"],"_links":{"self":[{"href":"https:\/\/mgitsolutions.duckdns.org\/index.php\/wp-json\/wp\/v2\/pages\/49"}],"collection":[{"href":"https:\/\/mgitsolutions.duckdns.org\/index.php\/wp-json\/wp\/v2\/pages"}],"about":[{"href":"https:\/\/mgitsolutions.duckdns.org\/index.php\/wp-json\/wp\/v2\/types\/page"}],"author":[{"embeddable":true,"href":"https:\/\/mgitsolutions.duckdns.org\/index.php\/wp-json\/wp\/v2\/users\/1"}],"replies":[{"embeddable":true,"href":"https:\/\/mgitsolutions.duckdns.org\/index.php\/wp-json\/wp\/v2\/comments?post=49"}],"version-history":[{"count":0,"href":"https:\/\/mgitsolutions.duckdns.org\/index.php\/wp-json\/wp\/v2\/pages\/49\/revisions"}],"wp:attachment":[{"href":"https:\/\/mgitsolutions.duckdns.org\/index.php\/wp-json\/wp\/v2\/media?parent=49"}],"curies":[{"name":"wp","href":"https:\/\/api.w.org\/{rel}","templated":true}]}}