{"id":36,"date":"2020-03-02T15:33:40","date_gmt":"2020-03-02T14:33:40","guid":{"rendered":"http:\/\/192.168.5.247\/?page_id=36"},"modified":"2020-03-02T15:33:40","modified_gmt":"2020-03-02T14:33:40","slug":"komputery","status":"publish","type":"page","link":"https:\/\/mgitsolutions.duckdns.org\/index.php\/komputery\/","title":{"rendered":"Komputery"},"content":{"rendered":"<ul class=\"wp-block-list\"><li>Instalacja systemu operacyjnego Windows lub Linux<\/li><li>Instalacja oprogramowania antywirusowego<\/li><li>Oczyszczanie systemu z wirus\u00f3w i zb\u0119dnych plik\u00f3w<\/li><li>Backup, archiwizacja, przenoszenie i odzyskiwanie danych<\/li><li>Rozbudowa komputer\u00f3w<\/li><\/ul>","protected":false},"excerpt":{"rendered":"<p>Instalacja systemu operacyjnego Windows lub Linux Instalacja oprogramowania antywirusowego Oczyszczanie systemu z wirus\u00f3w i zb\u0119dnych plik\u00f3w Backup, archiwizacja, przenoszenie i odzyskiwanie danych Rozbudowa komputer\u00f3w<\/p>\n","protected":false},"author":1,"featured_media":0,"parent":0,"menu_order":0,"comment_status":"closed","ping_status":"closed","template":"template-fullwidth.php","meta":{"footnotes":""},"class_list":["post-36","page","type-page","status-publish","hentry"],"_links":{"self":[{"href":"https:\/\/mgitsolutions.duckdns.org\/index.php\/wp-json\/wp\/v2\/pages\/36"}],"collection":[{"href":"https:\/\/mgitsolutions.duckdns.org\/index.php\/wp-json\/wp\/v2\/pages"}],"about":[{"href":"https:\/\/mgitsolutions.duckdns.org\/index.php\/wp-json\/wp\/v2\/types\/page"}],"author":[{"embeddable":true,"href":"https:\/\/mgitsolutions.duckdns.org\/index.php\/wp-json\/wp\/v2\/users\/1"}],"replies":[{"embeddable":true,"href":"https:\/\/mgitsolutions.duckdns.org\/index.php\/wp-json\/wp\/v2\/comments?post=36"}],"version-history":[{"count":0,"href":"https:\/\/mgitsolutions.duckdns.org\/index.php\/wp-json\/wp\/v2\/pages\/36\/revisions"}],"wp:attachment":[{"href":"https:\/\/mgitsolutions.duckdns.org\/index.php\/wp-json\/wp\/v2\/media?parent=36"}],"curies":[{"name":"wp","href":"https:\/\/api.w.org\/{rel}","templated":true}]}}