{"id":171,"date":"2020-03-04T10:01:45","date_gmt":"2020-03-04T09:01:45","guid":{"rendered":"http:\/\/192.168.5.247\/?page_id=171"},"modified":"2020-03-06T20:50:44","modified_gmt":"2020-03-06T19:50:44","slug":"test1","status":"publish","type":"page","link":"https:\/\/mgitsolutions.duckdns.org\/","title":{"rendered":"Home"},"content":{"rendered":"<div class=\"alignnormal\"><div id=\"metaslider-id-227\" style=\"width: 100%;\" class=\"ml-slider-3-104-0 metaslider metaslider-flex metaslider-227 ml-slider ms-theme-default nav-hidden\" role=\"region\" aria-label=\"New Slideshow\" data-height=\"300\" data-width=\"1600\">\n    <div id=\"metaslider_container_227\">\n        <div id=\"metaslider_227\">\n            <ul class='slides'>\n                <li style=\"display: block; width: 100%;\" class=\"slide-290 ms-image \" aria-roledescription=\"slide\" data-date=\"2020-03-06 18:10:31\" data-filename=\"banner_computer-1600x300.jpeg\" data-slide-type=\"image\"><img loading=\"lazy\" decoding=\"async\" src=\"https:\/\/mgitsolutions.duckdns.org\/wp-content\/uploads\/2020\/03\/banner_computer-1600x300.jpeg\" height=\"300\" width=\"1600\" alt=\"\" class=\"slider-227 slide-290 msDefaultImage\" title=\"Serwis komputer\u00f3w, us\u0142ugi informatyczne\" \/><\/li>\n                <li style=\"display: none; width: 100%;\" class=\"slide-302 ms-image \" aria-roledescription=\"slide\" data-date=\"2020-03-06 18:43:28\" data-filename=\"banner_camera-1600x300.jpeg\" data-slide-type=\"image\"><img loading=\"lazy\" decoding=\"async\" src=\"https:\/\/mgitsolutions.duckdns.org\/wp-content\/uploads\/2020\/03\/banner_camera-1600x300.jpeg\" height=\"300\" width=\"1600\" alt=\"\" class=\"slider-227 slide-302 msDefaultImage\" title=\"Monitoring\/kamery\" \/><\/li>\n                <li style=\"display: none; width: 100%;\" class=\"slide-304 ms-image \" aria-roledescription=\"slide\" data-date=\"2020-03-06 18:43:51\" data-filename=\"banner_antenna-1600x300.jpeg\" data-slide-type=\"image\"><img loading=\"lazy\" decoding=\"async\" src=\"https:\/\/mgitsolutions.duckdns.org\/wp-content\/uploads\/2020\/03\/banner_antenna-1600x300.jpeg\" height=\"300\" width=\"1600\" alt=\"\" class=\"slider-227 slide-304 msDefaultImage\" title=\"Monta\u017c anten telewizji satelitarnej i naziemnej\" \/><\/li>\n                <li style=\"display: none; width: 100%;\" class=\"slide-306 ms-image \" aria-roledescription=\"slide\" data-date=\"2020-03-06 18:44:07\" data-filename=\"banner_internet-1600x300.jpeg\" data-slide-type=\"image\"><img loading=\"lazy\" decoding=\"async\" src=\"https:\/\/mgitsolutions.duckdns.org\/wp-content\/uploads\/2020\/03\/banner_internet-1600x300.jpeg\" height=\"300\" width=\"1600\" alt=\"\" class=\"slider-227 slide-306 msDefaultImage\" title=\"Konfiguracja router\u00f3w, prze\u0142\u0105cznik\u00f3w\" \/><\/li>\n            <\/ul>\n        <\/div>\n        \n    <\/div>\n<\/div><\/div><div class=\"wp-block-columns is-layout-flex wp-container-core-columns-is-layout-3 wp-block-columns-is-layout-flex\"><div class=\"wp-block-column is-layout-flow wp-block-column-is-layout-flow\"><div class=\"wp-block-columns is-layout-flex wp-container-core-columns-is-layout-1 wp-block-columns-is-layout-flex\"><div class=\"wp-block-column is-layout-flow wp-block-column-is-layout-flow\"><div class=\"wp-block-image is-style-default\"><figure class=\"aligncenter size-large is-resized\"><a href=\"https:\/\/mgitsolutions.duckdns.org\/index.php\/komputery\/\"><img loading=\"lazy\" decoding=\"async\" src=\"https:\/\/mgitsolutions.duckdns.org\/wp-content\/uploads\/2020\/03\/computer.png\" alt=\"\" class=\"wp-image-293\" width=\"113\" height=\"113\"\/><\/a><\/figure><\/div>\n\n<p class=\"has-text-align-center\"><a href=\"https:\/\/mgitsolutions.duckdns.org\/index.php\/komputery\/\">Komputery<\/a><\/p><\/div>\n\n<div class=\"wp-block-column is-layout-flow wp-block-column-is-layout-flow\"><div class=\"wp-block-image is-style-default\"><figure class=\"aligncenter size-large is-resized\"><a href=\"https:\/\/mgitsolutions.duckdns.org\/index.php\/monitoring\/\"><img loading=\"lazy\" decoding=\"async\" src=\"https:\/\/mgitsolutions.duckdns.org\/wp-content\/uploads\/2020\/03\/camera.png\" alt=\"\" class=\"wp-image-321\" width=\"113\" height=\"113\"\/><\/a><\/figure><\/div>\n\n<p class=\"has-text-align-center\"><a href=\"https:\/\/mgitsolutions.duckdns.org\/index.php\/monitoring\/\">Monitoring<\/a><\/p><\/div><\/div><\/div>\n\n<div class=\"wp-block-column is-layout-flow wp-block-column-is-layout-flow\"><div class=\"wp-block-columns is-layout-flex wp-container-core-columns-is-layout-2 wp-block-columns-is-layout-flex\"><div class=\"wp-block-column is-layout-flow wp-block-column-is-layout-flow\"><div class=\"wp-block-image is-style-default\"><figure class=\"aligncenter size-large is-resized\"><a href=\"https:\/\/mgitsolutions.duckdns.org\/index.php\/tv\/\"><img loading=\"lazy\" decoding=\"async\" src=\"https:\/\/mgitsolutions.duckdns.org\/wp-content\/uploads\/2020\/03\/satellite.png\" alt=\"\" class=\"wp-image-320\" width=\"113\" height=\"113\"\/><\/a><\/figure><\/div>\n\n<p class=\"has-text-align-center\"><a href=\"https:\/\/mgitsolutions.duckdns.org\/index.php\/tv\/\">Telewizja<\/a><\/p><\/div>\n\n<div class=\"wp-block-column is-layout-flow wp-block-column-is-layout-flow\"><div class=\"wp-block-image is-style-default\"><figure class=\"aligncenter size-large is-resized\"><a href=\"https:\/\/mgitsolutions.duckdns.org\/index.php\/internet\/\"><img loading=\"lazy\" decoding=\"async\" src=\"https:\/\/mgitsolutions.duckdns.org\/wp-content\/uploads\/2020\/03\/internet.png\" alt=\"\" class=\"wp-image-310\" width=\"113\" height=\"113\"\/><\/a><\/figure><\/div>\n\n<p class=\"has-text-align-center\"><a href=\"https:\/\/mgitsolutions.duckdns.org\/index.php\/internet\/\">Internet<\/a><\/p><\/div><\/div><\/div><\/div>","protected":false},"excerpt":{"rendered":"<p>Komputery Monitoring Telewizja Internet<\/p>\n","protected":false},"author":1,"featured_media":0,"parent":0,"menu_order":0,"comment_status":"closed","ping_status":"closed","template":"template-custom-bottom.php","meta":{"footnotes":""},"class_list":["post-171","page","type-page","status-publish","hentry"],"_links":{"self":[{"href":"https:\/\/mgitsolutions.duckdns.org\/index.php\/wp-json\/wp\/v2\/pages\/171"}],"collection":[{"href":"https:\/\/mgitsolutions.duckdns.org\/index.php\/wp-json\/wp\/v2\/pages"}],"about":[{"href":"https:\/\/mgitsolutions.duckdns.org\/index.php\/wp-json\/wp\/v2\/types\/page"}],"author":[{"embeddable":true,"href":"https:\/\/mgitsolutions.duckdns.org\/index.php\/wp-json\/wp\/v2\/users\/1"}],"replies":[{"embeddable":true,"href":"https:\/\/mgitsolutions.duckdns.org\/index.php\/wp-json\/wp\/v2\/comments?post=171"}],"version-history":[{"count":10,"href":"https:\/\/mgitsolutions.duckdns.org\/index.php\/wp-json\/wp\/v2\/pages\/171\/revisions"}],"predecessor-version":[{"id":328,"href":"https:\/\/mgitsolutions.duckdns.org\/index.php\/wp-json\/wp\/v2\/pages\/171\/revisions\/328"}],"wp:attachment":[{"href":"https:\/\/mgitsolutions.duckdns.org\/index.php\/wp-json\/wp\/v2\/media?parent=171"}],"curies":[{"name":"wp","href":"https:\/\/api.w.org\/{rel}","templated":true}]}}