{"id":16,"date":"2020-02-27T13:16:45","date_gmt":"2020-02-27T12:16:45","guid":{"rendered":"http:\/\/192.168.5.247\/?page_id=9"},"modified":"2020-03-06T19:32:59","modified_gmt":"2020-03-06T18:32:59","slug":"kontakt","status":"publish","type":"page","link":"https:\/\/mgitsolutions.duckdns.org\/index.php\/kontakt\/","title":{"rendered":"Kontakt"},"content":{"rendered":"<p>MG IT SOLUTIONS<\/p><p>Marcin Go\u0142a\u015b<\/p><p class=\"has-text-align-left\">Che\u0142mi\u0144ska 10, Duszniki<\/p><figure class=\"wp-block-image size-large is-resized\"><a class=\"https:\/\/goo.gl\/maps\/LuZQh6sMZacBzuVC8\" href=\"https:\/\/goo.gl\/maps\/LuZQh6sMZacBzuVC8\" target=\"_blank\" rel=\"noreferrer noopener\"><img loading=\"lazy\" decoding=\"async\" src=\"https:\/\/mgitsolutions.duckdns.org\/wp-content\/uploads\/2020\/03\/gmap.png\" alt=\"\" class=\"wp-image-284\" width=\"46\" height=\"46\"\/><\/a><figcaption>mapa<\/figcaption><\/figure><p>e-mail <a href=\"mailto: marcin.it.solutions@gmail.com\">marcin.it.solutions@gmail.com<\/a><\/p><p>tel. +48 605 607 028<\/p><p>NIP 787 191 93 65<\/p>","protected":false},"excerpt":{"rendered":"<p>MG IT SOLUTIONS Marcin Go\u0142a\u015b Che\u0142mi\u0144ska 10, Duszniki e-mail marcin.it.solutions@gmail.com tel. +48 605 607 028 NIP 787 191 93 65<\/p>\n","protected":false},"author":1,"featured_media":0,"parent":0,"menu_order":0,"comment_status":"closed","ping_status":"closed","template":"template-fullwidth.php","meta":{"footnotes":""},"class_list":["post-16","page","type-page","status-publish","hentry"],"_links":{"self":[{"href":"https:\/\/mgitsolutions.duckdns.org\/index.php\/wp-json\/wp\/v2\/pages\/16"}],"collection":[{"href":"https:\/\/mgitsolutions.duckdns.org\/index.php\/wp-json\/wp\/v2\/pages"}],"about":[{"href":"https:\/\/mgitsolutions.duckdns.org\/index.php\/wp-json\/wp\/v2\/types\/page"}],"author":[{"embeddable":true,"href":"https:\/\/mgitsolutions.duckdns.org\/index.php\/wp-json\/wp\/v2\/users\/1"}],"replies":[{"embeddable":true,"href":"https:\/\/mgitsolutions.duckdns.org\/index.php\/wp-json\/wp\/v2\/comments?post=16"}],"version-history":[{"count":9,"href":"https:\/\/mgitsolutions.duckdns.org\/index.php\/wp-json\/wp\/v2\/pages\/16\/revisions"}],"predecessor-version":[{"id":319,"href":"https:\/\/mgitsolutions.duckdns.org\/index.php\/wp-json\/wp\/v2\/pages\/16\/revisions\/319"}],"wp:attachment":[{"href":"https:\/\/mgitsolutions.duckdns.org\/index.php\/wp-json\/wp\/v2\/media?parent=16"}],"curies":[{"name":"wp","href":"https:\/\/api.w.org\/{rel}","templated":true}]}}